{"id":15829,"date":"2022-11-29T14:04:24","date_gmt":"2022-11-29T19:04:24","guid":{"rendered":"https:\/\/greencorners.ca\/1669300653779\/?page_id=15829"},"modified":"2025-04-09T14:49:35","modified_gmt":"2025-04-09T18:49:35","slug":"faqs","status":"publish","type":"page","link":"https:\/\/greencorners.ca\/fr\/faqs\/","title":{"rendered":"FAQ"},"content":{"rendered":"<div id=\"fws_69e9e68f47b74\"  data-column-margin=\"default\" data-midnight=\"dark\"  class=\"wpb_row vc_row-fluid vc_row full-width-section\"  style=\"padding-top: 100px; padding-bottom: 100px; \"><div class=\"row-bg-wrap\" data-bg-animation=\"none\" data-bg-overlay=\"false\"><div class=\"inner-wrap\"><div class=\"row-bg viewport-desktop using-bg-color\"  style=\"background-color: rgba(188,196,157,0.24); \"><\/div><\/div><\/div><div class=\"row_col_wrap_12 col span_12 dark left\">\n\t<div  class=\"vc_col-sm-12 wpb_column column_container vc_column_container col no-extra-padding inherit_tablet inherit_phone\"  data-padding-pos=\"all\" data-has-bg-color=\"false\" data-bg-color=\"\" data-bg-opacity=\"1\" data-animation=\"\" data-delay=\"0\" >\n\t\t<div class=\"vc_column-inner\" >\n\t\t\t<div class=\"wpb_wrapper\">\n\t\t\t\t\r\n<div class=\"wpb_text_column wpb_content_element\" >\r\n\t<div class=\"wpb_wrapper\">\r\n\t\t<h2>FAQ sur l'autocueillette de fleurs<\/h2>\n\t<\/div>\r\n<\/div>\r\n\r\n\r\n\r\n<div class=\"toggles\" data-starting=\"default\" data-style=\"minimal\"><div class=\"toggle default\" data-inner-wrap=\"true\"><h3><a href=\"#\"><i class=\"fa fa-plus-circle\"><\/i>Puis-je simplement me pr\u00e9senter ou dois-je acheter un billet en ligne?<\/a><\/h3><div><div class=\"inner-toggle-wrap\">\r\n<div class=\"wpb_text_column wpb_content_element\" >\r\n\t<div class=\"wpb_wrapper\">\r\n\t\t<p>Cela d\u00e9pend.<\/p>\n<p>L'achat en ligne permet de gagner du temps lors de l'enregistrement et constitue le seul moyen de garantir votre entr\u00e9e sur le terrain. L'achat en ligne est \u00e9galement plus \u00e9conomique et vous permet d'\u00eatre servi en premier au comptoir d'enregistrement.<\/p>\n<p>Nous nous r\u00e9servons le droit de limiter le nombre de billets disponibles sur place et vous pourriez \u00eatre refoul\u00e9 si vous arrivez sans billet. Ceci est particuli\u00e8rement vrai les week-ends de forte affluence.<\/p>\n\t<\/div>\r\n<\/div>\r\n\r\n\r\n\r\n<\/div><\/div><\/div><div class=\"toggle default\" data-inner-wrap=\"true\"><h3><a href=\"#\"><i class=\"fa fa-plus-circle\"><\/i>Est-ce que chaque personne de mon groupe a besoin d'un billet, m\u00eame mes enfants ?<\/a><\/h3><div><div class=\"inner-toggle-wrap\">\r\n<div class=\"wpb_text_column wpb_content_element\" >\r\n\t<div class=\"wpb_wrapper\">\r\n\t\t<p>Toute personne de plus de 5 ans doit poss\u00e9der un billet \u00ab\u00a0Picking\u00a0\u00bb ou \u00ab\u00a0Looking\u00a0\u00bb. Votre groupe peut combiner les billets pour obtenir le nombre total de fleurs que vous souhaitez cueillir.<\/p>\n<p>Par exemple, un groupe de 5 personnes, compos\u00e9 de 2 adultes et de 3 enfants de 3, 6 et 10 ans, souhaite cueillir 3 bouquets. Ce groupe devra acheter 3 tickets \u00ab\u00a0Picking\u00a0\u00bb et 1 ticket \u00ab\u00a0Looking\u00a0\u00bb. Chacun peut participer \u00e0 la cueillette des 3 bouquets\u00a0; l'enfant de 3 ans n'a pas besoin de ticket.<\/p>\n\t<\/div>\r\n<\/div>\r\n\r\n\r\n\r\n<\/div><\/div><\/div><div class=\"toggle default\" data-inner-wrap=\"true\"><h3><a href=\"#\"><i class=\"fa fa-plus-circle\"><\/i>Quelle est la diff\u00e9rence entre un ticket \u00ab Picking \u00bb et un ticket \u00ab Looking \u00bb ?<\/a><\/h3><div><div class=\"inner-toggle-wrap\">\r\n<div class=\"wpb_text_column wpb_content_element\" >\r\n\t<div class=\"wpb_wrapper\">\r\n\t\t<p>Un ticket \u00ab\u00a0Looking\u00a0\u00bb vous permet d'acc\u00e9der aux champs et d'admirer les fleurs. Un ticket \u00ab\u00a0Picking\u00a0\u00bb vous permet \u00e9galement d'acc\u00e9der aux fleurs. Les d\u00e9tenteurs d'un ticket \u00ab\u00a0Looking\u00a0\u00bb sont les bienvenus pour aider les d\u00e9tenteurs d'un ticket \u00ab\u00a0Picking\u00a0\u00bb. Les tickets \u00ab\u00a0Looking\u00a0\u00bb peuvent \u00eatre transform\u00e9s en tickets \u00ab\u00a0Picking\u00a0\u00bb moyennant un suppl\u00e9ment.<\/p>\n<p>Un billet \u00ab\u00a0Picking\u00a0\u00bb comprend 10 tulipes pendant la saison des tulipes en mai. En \u00e9t\u00e9, un billet \u00ab\u00a0Picking\u00a0\u00bb comprend 25 points de fleurs, les tournesols rapportant 2 points et tout le reste 1 point. Des fleurs suppl\u00e9mentaires peuvent \u00eatre achet\u00e9es \u00e0 l'avance ou sur place.<\/p>\n\t<\/div>\r\n<\/div>\r\n\r\n\r\n\r\n<\/div><\/div><\/div><div class=\"toggle default\" data-inner-wrap=\"true\"><h3><a href=\"#\"><i class=\"fa fa-plus-circle\"><\/i>Puis-je cueillir plus de fleurs que celles incluses dans mon billet ?<\/a><\/h3><div><div class=\"inner-toggle-wrap\">\r\n<div class=\"wpb_text_column wpb_content_element\" >\r\n\t<div class=\"wpb_wrapper\">\r\n\t\t<p>Oui\u00a0! Vous pouvez ajouter des tiges suppl\u00e9mentaires \u00e0 l'avance lors de votre achat de ticket de cueillette ou en acheter sur place.<\/p>\n\t<\/div>\r\n<\/div>\r\n\r\n\r\n\r\n<\/div><\/div><\/div><div class=\"toggle default\" data-inner-wrap=\"true\"><h3><a href=\"#\"><i class=\"fa fa-plus-circle\"><\/i>Mon billet comporte une heure d'arriv\u00e9e. Combien de temps puis-je rester ?<\/a><\/h3><div><div class=\"inner-toggle-wrap\">\r\n<div class=\"wpb_text_column wpb_content_element\" >\r\n\t<div class=\"wpb_wrapper\">\r\n\t\t<p>Nous avons mis en place des tickets d'arriv\u00e9e chronom\u00e9tr\u00e9s afin de r\u00e9duire les embouteillages au parking, \u00e0 l'enregistrement et au poste d'emballage. Une fois sur le terrain, vous pouvez rester aussi longtemps que vous le souhaitez.<\/p>\n\t<\/div>\r\n<\/div>\r\n\r\n\r\n\r\n<\/div><\/div><\/div><div class=\"toggle default\" data-inner-wrap=\"true\"><h3><a href=\"#\"><i class=\"fa fa-plus-circle\"><\/i>I am an amateur photographer. Do I need a \"Photography\" ticket to take photos?<\/a><\/h3><div><div class=\"inner-toggle-wrap\">\r\n<div class=\"wpb_text_column wpb_content_element\" >\r\n\t<div class=\"wpb_wrapper\">\r\n\t\t<p>No, if you are taking photos for your own enjoyment and are not taking photos for monetary gain, then you need only purchase our regular &#8220;Looking&#8221; or &#8220;Picking&#8221; tickets. We use the honour system and ask that you make this determination yourself.<\/p>\n\t<\/div>\r\n<\/div>\r\n\r\n\r\n\r\n<\/div><\/div><\/div><div class=\"toggle default\" data-inner-wrap=\"true\"><h3><a href=\"#\"><i class=\"fa fa-plus-circle\"><\/i>Help, I need to change my ticket!<\/a><\/h3><div><div class=\"inner-toggle-wrap\">\r\n<div class=\"wpb_text_column wpb_content_element\" >\r\n\t<div class=\"wpb_wrapper\">\r\n\t\t<p>Tickets are non-refundable, except at our discretion. We may include a $2 processing fee to cover the charges from our credit card processor. There may be a price difference payable upon visit.<\/p>\n<p>To request for a ticket change<\/p>\n<ol>\n<li>Please respond to the <strong>ticket confirmation email<\/strong> you received<\/li>\n<li>Suggest a new date\/time<\/li>\n<li>Or indicate you would like to convert a tulip ticket to a summer ticket (extra charges may apply)<\/li>\n<\/ol>\n<p>Keep in mind that because we offer seasonal flowers, the flowers you might be looking forward to picking may no longer be in season if you choose to visit us at a later date.<\/p>\n\t<\/div>\r\n<\/div>\r\n\r\n\r\n\r\n<\/div><\/div><\/div><div class=\"toggle default\" data-inner-wrap=\"true\"><h3><a href=\"#\"><i class=\"fa fa-plus-circle\"><\/i>Are dogs and pets allowed in the fields?<\/a><\/h3><div><div class=\"inner-toggle-wrap\">\r\n<div class=\"wpb_text_column wpb_content_element\" >\r\n\t<div class=\"wpb_wrapper\">\r\n\t\t<p>Yes! We love seeing furry friends! Please keep your pets on leash and away from flowers they may damage. Additionally, please keep an eye on your pets as many flowers that we grow are not safe for them to eat.<\/p>\n\t<\/div>\r\n<\/div>\r\n\r\n\r\n\r\n<\/div><\/div><\/div><div class=\"toggle default\" data-inner-wrap=\"true\"><h3><a href=\"#\"><i class=\"fa fa-plus-circle\"><\/i>Are you closed when it is raining?<\/a><\/h3><div><div class=\"inner-toggle-wrap\">\r\n<div class=\"wpb_text_column wpb_content_element\" >\r\n\t<div class=\"wpb_wrapper\">\r\n\t\t<p>We only close for severe weather like nearby lightning. Please keep in mind the weather where you are may not be the weather where we are! Please consult the radar map and not just the forecast. We are just outside of the city of Ottawa so quite often the weather in the city is different than in our fields. Check our website and social media for updates.<\/p>\n<p>Please don&#8217;t let a grey sky stop you from visiting! The dreary skies make the bright flowers seem brighter and the gentle lighting makes for better photos. Wear your rain boots and borrow one of our umbrellas to still have a fun time.<\/p>\n\t<\/div>\r\n<\/div>\r\n\r\n\r\n\r\n<\/div><\/div><\/div><div class=\"toggle default\" data-inner-wrap=\"true\"><h3><a href=\"#\"><i class=\"fa fa-plus-circle\"><\/i>When is the best time to visit?<\/a><\/h3><div><div class=\"inner-toggle-wrap\">\r\n<div class=\"wpb_text_column wpb_content_element\" >\r\n\t<div class=\"wpb_wrapper\">\r\n\t\t<p>Anytime is a good time to visit as our fields are big enough that you can always get space from other visitors and there are always new flowers blooming. However, we are less busy on weekdays than we are on the weekends. If you want the best flower selection in the summertime, visit on a Friday morning. We are closed Tuesday to Thursday during the summer and so that means there are a few days of blooms that have not yet been picked.<\/p>\n\t<\/div>\r\n<\/div>\r\n\r\n\r\n\r\n<\/div><\/div><\/div><div class=\"toggle default\" data-inner-wrap=\"true\"><h3><a href=\"#\"><i class=\"fa fa-plus-circle\"><\/i>Do I need to bring my own tools to pick flowers?<\/a><\/h3><div><div class=\"inner-toggle-wrap\">\r\n<div class=\"wpb_text_column wpb_content_element\" >\r\n\t<div class=\"wpb_wrapper\">\r\n\t\t<p>Nope!<\/p>\n<p>Tulips are pulled straight from the ground so only hands are required. No other tools are required and we may ask you to put them back in your car if we see them. For the summer flowers, we have clippers for you to use while you are here.<\/p>\n<p>You are welcome to bring your own pail for flowers, but we also have flower picking baskets available for on-site use.<\/p>\n\t<\/div>\r\n<\/div>\r\n\r\n\r\n\r\n<\/div><\/div><\/div><div class=\"toggle default\" data-inner-wrap=\"true\"><h3><a href=\"#\"><i class=\"fa fa-plus-circle\"><\/i>Do u-pick tulips include the bulb?<\/a><\/h3><div><div class=\"inner-toggle-wrap\">\r\n<div class=\"wpb_text_column wpb_content_element\" >\r\n\t<div class=\"wpb_wrapper\">\r\n\t\t<p>Nope! Bulbs are not included.<\/p>\n<p>Bulbs are not planted in the spring, they are planted in the fall. Bulbs pulled from our field are clipped off at the wrapping station and are discarded to reduce the chance of disease spread. If you would like to keep the bulbs from your picked tulips, they are for sale for 25 cents each. Keep in mind that they are not likely to bloom for 3-5 years because the greenery has been clipped off the bulb. They are more likely to become squirrel food than a bloom in your garden.<\/p>\n<p>We sell bulbs in fall, which are new bulbs, not the bulbs that we dig out of our field. We do not dig up our field&#8217;s bulbs.<\/p>\n\t<\/div>\r\n<\/div>\r\n\r\n\r\n\r\n<\/div><\/div><\/div><div class=\"toggle default\" data-inner-wrap=\"true\"><h3><a href=\"#\"><i class=\"fa fa-plus-circle\"><\/i>Can I bring food or a picnic to the field?<\/a><\/h3><div><div class=\"inner-toggle-wrap\">\r\n<div class=\"wpb_text_column wpb_content_element\" >\r\n\t<div class=\"wpb_wrapper\">\r\n\t\t<p>Yes! We have picnic tables to help extend your stay. We do not normally have on-site concessions, but we occasionally have food trucks. Please, no portable BBQs.<\/p>\n\t<\/div>\r\n<\/div>\r\n\r\n\r\n\r\n<\/div><\/div><\/div><div class=\"toggle default\" data-inner-wrap=\"true\"><h3><a href=\"#\"><i class=\"fa fa-plus-circle\"><\/i>When are some of the different flowers in bloom?<\/a><\/h3><div><div class=\"inner-toggle-wrap\">\r\n<div class=\"wpb_text_column wpb_content_element\" >\r\n\t<div class=\"wpb_wrapper\">\r\n\t\t<p>The short tulip season begins sometime in May. The season lasts for only 2 weeks, so don&#8217;t wait on visiting! Our opening day has ranged from the beginning of May all the way to the third week of May!<\/p>\n<p>Snapdragons bloom next, starting late June or July until August. Zinnias and the rest of the flowers start late July.<\/p>\n<p>Our sunflowers are planted so that we have blooms from late July until the first frost in September or October. Our sunflowers are not one big field of all of the same variety, but the field is planted in smaller sections with different varieties and colours of sunflowers. Sections of sunflowers will finish blooming while other patches of sunflowers are in full bloom and yet others are still making buds for new blooms.<\/p>\n<p>Flowers come and go based on the natural cycles of their growth. You may find some beds in full bloom and other beds newly planted. This is the nature of seasonal farming. Each visit brings new flowers in bloom.<\/p>\n\t<\/div>\r\n<\/div>\r\n\r\n\r\n\r\n<\/div><\/div><\/div><div class=\"toggle default\" data-inner-wrap=\"true\"><h3><a href=\"#\"><i class=\"fa fa-plus-circle\"><\/i>Do you grow....?<\/a><\/h3><div><div class=\"inner-toggle-wrap\">\r\n<div class=\"wpb_text_column wpb_content_element\" >\r\n\t<div class=\"wpb_wrapper\">\r\n\t\t<p>Dahlias, Gladiolus, and Eucalyptus. Yes! They are in a special fenced in area and must be picked by us. We prioritize their use in our subscription bouquets, Grab&amp;Go bouquets, and for special orders. These flowers are expensive to grow, require a lot of labour to grow, and have special picking instructions. We do not want to risk their damage by a careless snip, pet, or kid.<\/p>\n\t<\/div>\r\n<\/div>\r\n\r\n\r\n\r\n<\/div><\/div><\/div><div class=\"toggle default\" data-inner-wrap=\"true\"><h3><a href=\"#\"><i class=\"fa fa-plus-circle\"><\/i>Do you have group rates?<\/a><\/h3><div><div class=\"inner-toggle-wrap\">\r\n<div class=\"wpb_text_column wpb_content_element\" >\r\n\t<div class=\"wpb_wrapper\">\r\n\t\t<p>Yes! Please see <a href=\"https:\/\/greencorners.ca\/fr\/groups-and-events\/\">this page\u00a0<\/a>on our website<\/p>\n<p>We are also willing to open the field for private groups during times we are regularly closed.<\/p>\n\t<\/div>\r\n<\/div>\r\n\r\n\r\n\r\n<\/div><\/div><\/div><div class=\"toggle default\" data-inner-wrap=\"true\"><h3><a href=\"#\"><i class=\"fa fa-plus-circle\"><\/i>How do I make my flowers last as long as possible?<\/a><\/h3><div><div class=\"inner-toggle-wrap\">\r\n<div class=\"wpb_text_column wpb_content_element\" >\r\n\t<div class=\"wpb_wrapper\">\r\n\t\t<p>A few things.<\/p>\n<ul>\n<li>Pick your flowers at the optimal time. A flower picked before it is ready or past its prime is never going to last as long as one picked perfectly on-time.<\/li>\n<li>Change the water in your vase every day. This reduces the amount of yucky germs in the water that make it spoil faster. Those packages of flower food or a penny in the water are not needed if you are changing the water every day.<\/li>\n<li>Trim the stems if they are getting soft. This renews the flowers ability to get water. A well-hydrated flower lasts longer than a thirsty flower.<\/li>\n<\/ul>\n\t<\/div>\r\n<\/div>\r\n\r\n\r\n\r\n<\/div><\/div><\/div><div class=\"toggle default\" data-inner-wrap=\"true\"><h3><a href=\"#\"><i class=\"fa fa-plus-circle\"><\/i>Are the bugs terrible?<\/a><\/h3><div><div class=\"inner-toggle-wrap\">\r\n<div class=\"wpb_text_column wpb_content_element\" >\r\n\t<div class=\"wpb_wrapper\">\r\n\t\t<p>Yes, during the tulip season there are times when there are a lot of mosquitoes. It seems like the first big hatch of the year coincides with the tulips in bloom. The rest of the year has mosquitoes that get particularly worse in the evenings.<\/p>\n<p>To control the mosquitoes, we use the same larvicide that the city of Ottawa uses in their mosquito control efforts, and we also spray a concentrated garlic solution. It does work to deter them, but isn&#8217;t foolproof. On the plus side, the area smells like pizza for a half-hour after we spray! We also have insect repellent available for use at the check in station.<\/p>\n<p>During the summer season, there are lots of bees. The bees that hang around the flower fields are very gentle and are not the kind of bee that stings. We occasionally have wasps, but it is rare that they cause problems.<\/p>\n\t<\/div>\r\n<\/div>\r\n\r\n\r\n\r\n<\/div><\/div><\/div><div class=\"toggle default\" data-inner-wrap=\"true\"><h3><a href=\"#\"><i class=\"fa fa-plus-circle\"><\/i>Can I bring my stroller or wheelchair?<\/a><\/h3><div><div class=\"inner-toggle-wrap\">\r\n<div class=\"wpb_text_column wpb_content_element\" >\r\n\t<div class=\"wpb_wrapper\">\r\n\t\t<p>Yes, however, the farm is not paved and can be uneven and muddy when wet. Some of the paths are wide enough to accommodate mobility aids and strollers, but it is not always easy to maneuver. Most of our main paths are covered in woodchips, with side paths being grassy or hard-packed earth.<\/p>\n\t<\/div>\r\n<\/div>\r\n\r\n\r\n\r\n<\/div><\/div><\/div><div class=\"toggle default\" data-inner-wrap=\"true\"><h3><a href=\"#\"><i class=\"fa fa-plus-circle\"><\/i>Are there washrooms available?<\/a><\/h3><div><div class=\"inner-toggle-wrap\">\r\n<div class=\"wpb_text_column wpb_content_element\" >\r\n\t<div class=\"wpb_wrapper\">\r\n\t\t<p>Yes. During the picking season we have a portable washroom available. Unfortunately, it is not wheelchair accessible.<\/p>\n\t<\/div>\r\n<\/div>\r\n\r\n\r\n\r\n<\/div><\/div><\/div><div class=\"toggle default\" data-inner-wrap=\"true\"><h3><a href=\"#\"><i class=\"fa fa-plus-circle\"><\/i>Do you sell flower seeds?<\/a><\/h3><div><div class=\"inner-toggle-wrap\">\r\n<div class=\"wpb_text_column wpb_content_element\" >\r\n\t<div class=\"wpb_wrapper\">\r\n\t\t<p>No. We do not sell seeds because the time we would spend on making seed packages available is better spent in keeping our u-pick well maintained. The seeds for all of the flowers we grow are readily available through larger online seed suppliers and we are happy to share what varieties we grow. We do sell fall-planted bulbs though!<\/p>\n\t<\/div>\r\n<\/div>\r\n\r\n\r\n\r\n<\/div><\/div><\/div><\/div>\r\n\r\n\r\n\r\n\r\n\r\n\r\n\r\n\r\n\r\n\r\n\r\n\r\n\r\n\r\n\r\n\r\n\r\n\r\n\r\n\n\t\t\t<\/div> \n\t\t<\/div>\n\t<\/div> \n<\/div><\/div>\r\n\t\t<div id=\"fws_69e9e68f4c91c\"  data-column-margin=\"default\" data-midnight=\"dark\"  class=\"wpb_row vc_row-fluid vc_row\"  style=\"padding-top: 100px; padding-bottom: 100px; \"><div class=\"row-bg-wrap\" data-bg-animation=\"none\" data-bg-overlay=\"false\"><div class=\"inner-wrap\"><div class=\"row-bg viewport-desktop\"  style=\"\"><\/div><\/div><\/div><div class=\"row_col_wrap_12 col span_12 dark left\">\n\t<div  class=\"vc_col-sm-12 wpb_column column_container vc_column_container col no-extra-padding inherit_tablet inherit_phone\"  data-padding-pos=\"all\" data-has-bg-color=\"false\" data-bg-color=\"\" data-bg-opacity=\"1\" data-animation=\"\" data-delay=\"0\" >\n\t\t<div class=\"vc_column-inner\" >\n\t\t\t<div class=\"wpb_wrapper\">\n\t\t\t\t\r\n<div class=\"wpb_text_column wpb_content_element\" >\r\n\t<div class=\"wpb_wrapper\">\r\n\t\t<h2>Bulb FAQ&#8217;s<\/h2>\n\t<\/div>\r\n<\/div>\r\n\r\n\r\n\r\n<div class=\"toggles\" data-starting=\"default\" data-style=\"minimal\"><div class=\"toggle default\" data-inner-wrap=\"true\"><h3><a href=\"#\"><i class=\"fa fa-plus-circle\"><\/i>When can I purchase my bulbs?<\/a><\/h3><div><div class=\"inner-toggle-wrap\">\r\n<div class=\"wpb_text_column wpb_content_element\" >\r\n\t<div class=\"wpb_wrapper\">\r\n\t\t<p>Bulb pre-sales start sometime during the summer and continue until the end of October. Bulbs begin arriving at our farm in mid to late September and we start filling orders soon after. On-site sales begin once the bulbs have arrived. Keep an eye out for us at some local markets!<\/p>\n<p>Our packages of bulbs include bone meal to help give your bulbs a boost as well.<\/p>\n\t<\/div>\r\n<\/div>\r\n\r\n\r\n\r\n<\/div><\/div><\/div><div class=\"toggle default\" data-inner-wrap=\"true\"><h3><a href=\"#\"><i class=\"fa fa-plus-circle\"><\/i>When should I plant my bulbs?<\/a><\/h3><div><div class=\"inner-toggle-wrap\">\r\n<div class=\"wpb_text_column wpb_content_element\" >\r\n\t<div class=\"wpb_wrapper\">\r\n\t\t<p>Bulbs should be planted after Thanksgiving once there have been a few frosts to reduce fungal pressure. They can be planted until the ground is frozen, which isn&#8217;t usually until December in the Ottawa area.<\/p>\n\t<\/div>\r\n<\/div>\r\n\r\n\r\n\r\n<\/div><\/div><\/div><div class=\"toggle default\" data-inner-wrap=\"true\"><h3><a href=\"#\"><i class=\"fa fa-plus-circle\"><\/i>Is there bulk bulb rates?<\/a><\/h3><div><div class=\"inner-toggle-wrap\">\r\n<div class=\"wpb_text_column wpb_content_element\" >\r\n\t<div class=\"wpb_wrapper\">\r\n\t\t<p>Yes. If you plan to purchase more than $200 worth of bulbs, email us for bulk pricing.<\/p>\n\t<\/div>\r\n<\/div>\r\n\r\n\r\n\r\n<\/div><\/div><\/div><div class=\"toggle default\" data-inner-wrap=\"true\"><h3><a href=\"#\"><i class=\"fa fa-plus-circle\"><\/i>Can you help me find a specific bulb?<\/a><\/h3><div><div class=\"inner-toggle-wrap\">\r\n<div class=\"wpb_text_column wpb_content_element\" >\r\n\t<div class=\"wpb_wrapper\">\r\n\t\t<p>Yes. Email us and we can see what we can do. Ideally you will contact us by June to have the best success in sourcing your specific bulbs. A deposit may be required.<\/p>\n\t<\/div>\r\n<\/div>\r\n\r\n\r\n\r\n<\/div><\/div><\/div><\/div>\r\n\r\n\r\n\r\n\r\n\r\n\r\n\r\n\r\n\r\n\r\n\r\n\r\n\r\n\r\n\r\n\r\n\r\n\r\n\r\n\n\t\t\t<\/div> \n\t\t<\/div>\n\t<\/div> \n<\/div><\/div>","protected":false},"excerpt":{"rendered":"U-pick Flower FAQs Can I just show up or do I need a purchase a ticket online? That depends. Pre-purchasing online saves time during check-in...","protected":false},"author":6,"featured_media":0,"parent":0,"menu_order":0,"comment_status":"closed","ping_status":"closed","template":"","meta":{"footnotes":""},"class_list":["post-15829","page","type-page","status-publish"],"jetpack_sharing_enabled":true,"jetpack_shortlink":"https:\/\/wp.me\/PbBONJ-47j","jetpack_likes_enabled":false,"_links":{"self":[{"href":"https:\/\/greencorners.ca\/fr\/wp-json\/wp\/v2\/pages\/15829","targetHints":{"allow":["GET"]}}],"collection":[{"href":"https:\/\/greencorners.ca\/fr\/wp-json\/wp\/v2\/pages"}],"about":[{"href":"https:\/\/greencorners.ca\/fr\/wp-json\/wp\/v2\/types\/page"}],"author":[{"embeddable":true,"href":"https:\/\/greencorners.ca\/fr\/wp-json\/wp\/v2\/users\/6"}],"replies":[{"embeddable":true,"href":"https:\/\/greencorners.ca\/fr\/wp-json\/wp\/v2\/comments?post=15829"}],"version-history":[{"count":6,"href":"https:\/\/greencorners.ca\/fr\/wp-json\/wp\/v2\/pages\/15829\/revisions"}],"predecessor-version":[{"id":35226,"href":"https:\/\/greencorners.ca\/fr\/wp-json\/wp\/v2\/pages\/15829\/revisions\/35226"}],"wp:attachment":[{"href":"https:\/\/greencorners.ca\/fr\/wp-json\/wp\/v2\/media?parent=15829"}],"curies":[{"name":"wp","href":"https:\/\/api.w.org\/{rel}","templated":true}]}}