{"id":15916,"date":"2022-12-02T18:38:35","date_gmt":"2022-12-02T23:38:35","guid":{"rendered":"https:\/\/greencorners.ca\/1669300653779\/?page_id=15916"},"modified":"2025-08-11T20:52:00","modified_gmt":"2025-08-12T00:52:00","slug":"groups-and-events","status":"publish","type":"page","link":"https:\/\/greencorners.ca\/fr\/groups-and-events\/","title":{"rendered":"Groupes et Ev\u00e9nements"},"content":{"rendered":"<div id=\"fws_69e8884f43eed\"  data-column-margin=\"default\" data-midnight=\"dark\"  class=\"wpb_row vc_row-fluid vc_row\"  style=\"padding-top: 0px; padding-bottom: 0px; \"><div class=\"row-bg-wrap\" data-bg-animation=\"none\" data-bg-overlay=\"false\"><div class=\"inner-wrap\"><div class=\"row-bg viewport-desktop\"  style=\"\"><\/div><\/div><\/div><div class=\"row_col_wrap_12 col span_12 dark left\">\n\t<div  class=\"vc_col-sm-12 wpb_column column_container vc_column_container col no-extra-padding inherit_tablet inherit_phone\"  data-padding-pos=\"all\" data-has-bg-color=\"false\" data-bg-color=\"\" data-bg-opacity=\"1\" data-animation=\"\" data-delay=\"0\" >\n\t\t<div class=\"vc_column-inner\" >\n\t\t\t<div class=\"wpb_wrapper\">\n\t\t\t\t\r\n<div class=\"wpb_text_column wpb_content_element\" >\r\n\t<div class=\"wpb_wrapper\">\r\n\t\t<h1>\u00c9v\u00e9nements et billets de Groupe<\/h1>\n\t<\/div>\r\n<\/div>\r\n\r\n\r\n\r\n\n\t\t\t<\/div> \n\t\t<\/div>\n\t<\/div> \n<\/div><\/div>\r\n\t\t<div id=\"fws_69e8884f4483e\"  data-column-margin=\"default\" data-midnight=\"dark\"  class=\"wpb_row vc_row-fluid vc_row\"  style=\"padding-top: 0px; padding-bottom: 0px; \"><div class=\"row-bg-wrap\" data-bg-animation=\"none\" data-bg-overlay=\"false\"><div class=\"inner-wrap\"><div class=\"row-bg viewport-desktop\"  style=\"\"><\/div><\/div><\/div><div class=\"row_col_wrap_12 col span_12 dark left\">\n\t<div  class=\"vc_col-sm-3 wpb_column column_container vc_column_container col padding-5-percent inherit_tablet inherit_phone\"  data-padding-pos=\"top-bottom\" data-has-bg-color=\"false\" data-bg-color=\"\" data-bg-opacity=\"1\" data-animation=\"\" data-delay=\"0\" >\n\t\t<div class=\"vc_column-inner\" >\n\t\t\t<div class=\"wpb_wrapper\">\n\t\t\t\t\r\n<div class=\"wpb_text_column wpb_content_element  vc_custom_1736962084390\" >\r\n\t<div class=\"wpb_wrapper\">\r\n\t\t<h3 style=\"text-align: center;\">Rabais de Groupe<\/h3>\n<p>Une r\u00e9duction de 10 % est automatiquement appliqu\u00e9e \u00e0 votre achat lors du paiement pour tout achat de billets d'une valeur sup\u00e9rieure \u00e0 220 $. Cette r\u00e9duction s'applique aux billets \u00ab\u00a0Picking\u00a0\u00bb et \u00ab\u00a0Looking\u00a0\u00bb.<\/p>\n\t<\/div>\r\n<\/div>\r\n\r\n\r\n\r\n\n\t\t\t<\/div> \n\t\t<\/div>\n\t<\/div> \n\n\t<div  class=\"vc_col-sm-9 wpb_column column_container vc_column_container col no-extra-padding inherit_tablet inherit_phone\"  data-padding-pos=\"all\" data-has-bg-color=\"false\" data-bg-color=\"\" data-bg-opacity=\"1\" data-animation=\"\" data-delay=\"0\" >\n\t\t<div class=\"vc_column-inner\" >\n\t\t\t<div class=\"wpb_wrapper\">\n\t\t\t\t<div class=\"img-with-aniamtion-wrap  custom-size\" data-max-width=\"100%\" data-max-width-mobile=\"default\" data-border-radius=\"10px\" data-shadow=\"none\" data-animation=\"fade-in\" >\r\n      <div class=\"inner\">\r\n        <div class=\"hover-wrap\"> \r\n          <div class=\"hover-wrap-inner\">\r\n            <img loading=\"lazy\" decoding=\"async\" class=\"img-with-animation skip-lazy\" data-delay=\"0\" height=\"604\" width=\"900\" data-animation=\"fade-in\" src=\"https:\/\/i0.wp.com\/greencorners.ca\/wp-content\/uploads\/2022\/12\/PXL_20220911_200223949_edited.jpeg?resize=900%2C604&#038;ssl=1\" alt=\"\"  \/>\r\n          <\/div>\r\n        <\/div>\r\n      <\/div>\r\n    <\/div>\n\t\t\t<\/div> \n\t\t<\/div>\n\t<\/div> \n<\/div><\/div>\r\n\t\t<div id=\"fws_69e8884f458af\"  data-column-margin=\"default\" data-midnight=\"dark\"  class=\"wpb_row vc_row-fluid vc_row\"  style=\"padding-top: 0px; padding-bottom: 0px; \"><div class=\"row-bg-wrap\" data-bg-animation=\"none\" data-bg-overlay=\"false\"><div class=\"inner-wrap\"><div class=\"row-bg viewport-desktop\"  style=\"\"><\/div><\/div><\/div><div class=\"row_col_wrap_12 col span_12 dark left\">\n\t<div  class=\"vc_col-sm-4 wpb_column column_container vc_column_container col centered-text padding-5-percent inherit_tablet inherit_phone\"  data-border-radius=\"5px\" data-padding-pos=\"top-bottom\" data-has-bg-color=\"false\" data-bg-color=\"\" data-bg-opacity=\"1\" data-animation=\"\" data-delay=\"0\" >\n\t\t<div class=\"vc_column-inner\" >\n\t\t\t<div class=\"wpb_wrapper\">\n\t\t\t\t<div class=\"img-with-aniamtion-wrap center\" data-max-width=\"100%\" data-max-width-mobile=\"default\" data-border-radius=\"10px\" data-shadow=\"none\" data-animation=\"fade-in\" >\r\n      <div class=\"inner\">\r\n        <div class=\"hover-wrap\"> \r\n          <div class=\"hover-wrap-inner\">\r\n            <img loading=\"lazy\" decoding=\"async\" class=\"img-with-animation skip-lazy\" data-delay=\"0\" height=\"100\" width=\"100\" data-animation=\"fade-in\" src=\"https:\/\/i0.wp.com\/greencorners.ca\/wp-content\/uploads\/2025\/01\/PXL_20240831_1245430012.jpg?fit=%2C&#038;ssl=1\" alt=\"\"  \/>\r\n          <\/div>\r\n        <\/div>\r\n      <\/div>\r\n    <\/div>\n\t\t\t<\/div> \n\t\t<\/div>\n\t<\/div> \n\n\t<div  class=\"vc_col-sm-8 wpb_column column_container vc_column_container col no-extra-padding inherit_tablet inherit_phone\"  data-padding-pos=\"all\" data-has-bg-color=\"false\" data-bg-color=\"\" data-bg-opacity=\"1\" data-animation=\"\" data-delay=\"0\" >\n\t\t<div class=\"vc_column-inner\" >\n\t\t\t<div class=\"wpb_wrapper\">\n\t\t\t\t\r\n<div class=\"wpb_text_column wpb_content_element  vc_custom_1754959910532\" >\r\n\t<div class=\"wpb_wrapper\">\r\n\t\t<h3>Private Events<\/h3>\n<p>Ready to create a special event? We&#8217;d love to host your private booking!<\/p>\n<ul>\n<li><b>Cost:<\/b> The fee is $50 per hour, plus a minimum of $220 in entry tickets.<\/li>\n<li><b>Additional Options:<\/b> Enhance your private booking with our convenient add-ons. We can provide tent rentals, along with tables and chairs to suit your needs. If you wish to hire an outside photographer to capture your special day, a photography site fee is required.<\/li>\n<li><b>Large Groups:<\/b> For groups over 40 people, please email us to discuss our large event pricing options.<\/li>\n<li><b>Availability:<\/b> Private bookings are scheduled outside of our regular business hours and are not available during our May tulip season. You&#8217;ll get exclusive use of the field during your booking.<\/li>\n<\/ul>\n<p>Please email us to start planning your event!<\/p>\n\t<\/div>\r\n<\/div>\r\n\r\n\r\n\r\n\n\t\t\t<\/div> \n\t\t<\/div>\n\t<\/div> \n<\/div><\/div>","protected":false},"excerpt":{"rendered":"Events and Group Tickets Group Discounts A 10% discount is automatically applied to your purchase on the check out page when you purchase more than...","protected":false},"author":6,"featured_media":0,"parent":0,"menu_order":0,"comment_status":"closed","ping_status":"closed","template":"","meta":{"footnotes":""},"class_list":["post-15916","page","type-page","status-publish"],"jetpack_sharing_enabled":true,"jetpack_shortlink":"https:\/\/wp.me\/PbBONJ-48I","jetpack_likes_enabled":false,"_links":{"self":[{"href":"https:\/\/greencorners.ca\/fr\/wp-json\/wp\/v2\/pages\/15916","targetHints":{"allow":["GET"]}}],"collection":[{"href":"https:\/\/greencorners.ca\/fr\/wp-json\/wp\/v2\/pages"}],"about":[{"href":"https:\/\/greencorners.ca\/fr\/wp-json\/wp\/v2\/types\/page"}],"author":[{"embeddable":true,"href":"https:\/\/greencorners.ca\/fr\/wp-json\/wp\/v2\/users\/6"}],"replies":[{"embeddable":true,"href":"https:\/\/greencorners.ca\/fr\/wp-json\/wp\/v2\/comments?post=15916"}],"version-history":[{"count":7,"href":"https:\/\/greencorners.ca\/fr\/wp-json\/wp\/v2\/pages\/15916\/revisions"}],"predecessor-version":[{"id":42628,"href":"https:\/\/greencorners.ca\/fr\/wp-json\/wp\/v2\/pages\/15916\/revisions\/42628"}],"wp:attachment":[{"href":"https:\/\/greencorners.ca\/fr\/wp-json\/wp\/v2\/media?parent=15916"}],"curies":[{"name":"wp","href":"https:\/\/api.w.org\/{rel}","templated":true}]}}