{"id":34969,"date":"2024-11-22T11:41:42","date_gmt":"2024-11-22T16:41:42","guid":{"rendered":"https:\/\/greencorners.ca\/?post_type=product&#038;p=34969"},"modified":"2025-12-04T14:46:25","modified_gmt":"2025-12-04T19:46:25","slug":"bouquet-subscription-10-bouquets","status":"publish","type":"product","link":"https:\/\/greencorners.ca\/fr\/produit\/bouquet-subscription-10-bouquets\/","title":{"rendered":"Abonnement Bouquet - 10 bouquets pendant la saison de croissance"},"content":{"rendered":"<p>Enjoy 10 bouquets of local, seasonal flowers over the course of the growing season, from May to September. The statement flowers of your bouquet might be tulips, peonies, ranunculus, snapdragons, zinnias, sunflowers, lisianthus, dahlias, or gladiola, depending on what is in season on your pick up day. We always make sure that your bouquets are luscious and more valuable than our typical Grab&amp;Go Bouquets that are available at our Farm Stand.<\/p>\n<p>\u00c0 vous de choisir le jour de retrait ! Vous partez en vacances et ne pouvez pas venir chercher vos bouquets en juillet ? Pas de probl\u00e8me ! Choisissez simplement d'autres dates qui vous conviennent. Vous adorez les tournesols et souhaitez r\u00e9cup\u00e9rer tous vos bouquets en ao\u00fbt ? N'h\u00e9sitez pas ! Les abonnements sont tr\u00e8s flexibles si des modifications doivent \u00eatre apport\u00e9es, \u00e0 condition que nous en soyons inform\u00e9s avant le jour de retrait. La seule restriction est que les bouquets par abonnement sont disponibles uniquement les lundis et vendredis, de mi-mai \u00e0 mi-septembre.<\/p>\n<p>Le ramassage s'effectue entre 9h et 18h le jour de votre ramassage.<\/p>\n<p>Si vous n'\u00eates pas en mesure de r\u00e9cup\u00e9rer votre bouquet, il existe des options pour que vous puissiez quand m\u00eame recevoir des fleurs.<\/p>\n<ol>\n<li>Vous pouvez \u00e9changer votre bouquet contre un \u00ab Anytime Ticket \u00bb afin de venir cueillir un bouquet au moment qui vous convient. Veuillez nous pr\u00e9venir au moins 24 heures \u00e0 l'avance si vous souhaitez effectuer ce changement.<\/li>\n<li>Vous pouvez modifier le rendez-vous pour la prise en charge \u00e0 un autre lundi ou vendredi, selon votre convenance. Veuillez nous pr\u00e9venir au moins 24 heures avant la date de prise en charge si vous souhaitez effectuer ce changement.<\/li>\n<li>Quelqu'un d'autre peut venir chercher votre bouquet \u00e0 sa place, car il lui suffit de fournir votre nom lors du retrait.<\/li>\n<\/ol>\n<p>Veuillez consulter notre <a href=\"https:\/\/greencorners.ca\/fr\/policies\/\">politiques compl\u00e8tes ici<\/a>.<\/p>","protected":false},"excerpt":{"rendered":"<p>Enjoy 10 bouquets of local, seasonal flowers over the course of the growing season, from May to September. The statement flowers of your bouquet might&#8230;<\/p>","protected":false},"featured_media":34974,"template":"","meta":[],"product_brand":[],"product_cat":[279],"product_tag":[],"class_list":{"0":"post-34969","1":"product","2":"type-product","3":"status-publish","4":"has-post-thumbnail","6":"product_cat-subscriptions","7":"tm-has-options","9":"first","10":"instock","11":"virtual","12":"taxable","13":"purchasable","14":"product-type-simple"},"jetpack_sharing_enabled":false,"jetpack_likes_enabled":false,"_links":{"self":[{"href":"https:\/\/greencorners.ca\/fr\/wp-json\/wp\/v2\/product\/34969","targetHints":{"allow":["GET"]}}],"collection":[{"href":"https:\/\/greencorners.ca\/fr\/wp-json\/wp\/v2\/product"}],"about":[{"href":"https:\/\/greencorners.ca\/fr\/wp-json\/wp\/v2\/types\/product"}],"wp:featuredmedia":[{"embeddable":true,"href":"https:\/\/greencorners.ca\/fr\/wp-json\/wp\/v2\/media\/34974"}],"wp:attachment":[{"href":"https:\/\/greencorners.ca\/fr\/wp-json\/wp\/v2\/media?parent=34969"}],"wp:term":[{"taxonomy":"product_brand","embeddable":true,"href":"https:\/\/greencorners.ca\/fr\/wp-json\/wp\/v2\/product_brand?post=34969"},{"taxonomy":"product_cat","embeddable":true,"href":"https:\/\/greencorners.ca\/fr\/wp-json\/wp\/v2\/product_cat?post=34969"},{"taxonomy":"product_tag","embeddable":true,"href":"https:\/\/greencorners.ca\/fr\/wp-json\/wp\/v2\/product_tag?post=34969"}],"curies":[{"name":"wp","href":"https:\/\/api.w.org\/{rel}","templated":true}]}}